{"id":1187,"date":"2020-04-03T10:57:28","date_gmt":"2020-04-03T08:57:28","guid":{"rendered":"http:\/\/www.die-ganzmacher.de\/?page_id=1187"},"modified":"2026-01-18T17:32:42","modified_gmt":"2026-01-18T16:32:42","slug":"aktuelles","status":"publish","type":"page","link":"https:\/\/www.die-ganzmacher.de\/","title":{"rendered":"aktuelles"},"content":{"rendered":"\n<p class=\"has-text-align-center has-vivid-red-color has-text-color has-link-color has-large-font-size wp-elements-415aa5a2e325dab777600072ecc5d0b1\">&#8211; 10 Jahre Die-GanzMacher e.V. &#8211;<\/p>\n\n\n\n<p class=\"has-text-align-center has-vivid-red-color has-text-color has-link-color has-normal-font-size wp-elements-7f6ac988a86fed5b2c79196b573c7fc8\"><strong>Liebe GanzMacher Freunde und Besucher<\/strong><br \/> Das Jahr 2025 ist vorbei und wir starten am 20.01.2026 ins neue Reparaturjahr.<br \/><\/p>\n\n\n\n<p>Das nun vergangenen Jahr 2025 best\u00e4tigte uns wieder einmal, dass unser Verein eine wichtige Funktion f\u00fcr den Erhalt unserer Umwelt besitzt. Wir konnten in dieser Zeit ca. 600 Besucher mit ihren defekten Ger\u00e4ten, Gebrauchsgegenst\u00e4nden bzw. Textilien bei uns im Steinhaus begr\u00fc\u00dfen.<br \/>Bei diesen insgesamt <strong>2<\/strong>1 Treffen haben wir \u00fcber <strong>500<\/strong> Reparaturen mit einer Erfolgsquote von ca. 70% ausgef\u00fchrt. Damit best\u00e4tigt sich wieder einmal unser Motto &#8222;<strong>erst einmal anschauen <\/strong>&#8220; wegwerfen kann man immer noch.<br \/>Ein weiterer Erfolg f\u00fcr unsere Vereinsarbeit ist, dass wir 4 neue Mitglieder gewonnen haben, die sich vor allem in der Elektronik auskennen. Damit konnten wir auch unser Spektrum f\u00fcr Reparaturen wesentlich erweitern.<\/p>\n\n\n\n<p>Wir sind \u00fcberrascht, aber auch stolz auf die gro\u00dfe Resonanz f\u00fcr unser Reparaturangebot. Es hat sich offensichtlich herumgesprochen, dass wir inzwischen vielen Besuchern geholfen haben, ihre defekten Ger\u00e4te wieder zum Leben zu erwecken. Oft h\u00e4ngen ja auch pers\u00f6nliche Erinnerungen an den Gegenst\u00e4nden, denen wir ein neues Leben einhauchen konnten.<br \/>Manchmal k\u00f6nnen wir aber nur noch feststellen, dass leider nichts mehr geht, sei es das ein Ersatzteil nicht mehr beschafft werden kann oder der Verschlei\u00df zu hoch ist.<br \/><br \/>Da der Andrang zu unseren Reparaturtreffen erfreulicherweise immer sehr hoch ist, haben wir eine Bitte an alle Besucher nur jeweils einen &#8222;Patienten&#8220; mitzubringen. Wir sind zeitlich auf max. 3,5 Stunden im Steinhaus begrenzt und m\u00f6chten niemanden abweisen.<\/p>\n\n\n\n<p>Sollte es weiterhin dringenden Reparaturbedarf f\u00fcr technische Ger\u00e4te geben, so k\u00f6nnen wir anbieten, Kontakt \u00fcber unser E-Mail Konto <a href=\"mailto:kontakt@die-ganzmacher.de\">kontakt@die-ganzmacher.de<\/a> .<\/p>\n\n\n\n<p class=\"has-vivid-cyan-blue-color has-text-color\"><strong>&#8212;&#8212;&#8212;&#8212;&#8212;&#8212;&#8212;&#8212;&#8212;&#8212;&#8212;&#8212;&#8212;&#8212;&#8212;&#8212;&#8212;&#8212;&#8212;&#8212;&#8212;&#8212;&#8212;&#8212;&#8212;&#8212;&#8212;&#8212;&#8212;&#8212;&#8212;&#8212;&#8212;&#8212;&#8212;&#8212;&#8212;&#8212;&#8212;&#8212;&#8212;&#8211;<\/strong><\/p>\n\n\n\n<p class=\"has-vivid-red-color has-text-color\" style=\"font-size:20px\"><strong>Wir ben\u00f6tigen Reparaturbegeisterte zur Verst\u00e4rkung unseres Teams<\/strong><\/p>\n\n\n\n<p class=\"has-text-align-left has-black-color has-text-color\">Wie in allen anderen Bereichen suchen auch wir als Verein zur weiteren Verst\u00e4rkung Nachwuchs. Insbesondere im Bereich der Elektrotechnik\/Elektronik zur Reparatur kleiner Haushaltsger\u00e4te bis hin zur Heimelektronik wie DVD- und CD-Player, Radio\/Kassettenrecorder u.\u00c4.<br \/>Hier bieten wir Technik- und Reparaturbegeisterten ein sinnvolles Bet\u00e4tigungsfeld im ehrenamtlichen Umfeld.<\/p>\n\n\n\n<figure class=\"wp-block-image size-large\"><img loading=\"lazy\" decoding=\"async\" width=\"1024\" height=\"871\" src=\"https:\/\/www.die-ganzmacher.de\/wp-content\/uploads\/20240521_172140-scaled-e1733218956232-1024x871.jpg\" alt=\"\" class=\"wp-image-1659\" srcset=\"https:\/\/www.die-ganzmacher.de\/wp-content\/uploads\/20240521_172140-scaled-e1733218956232-1024x871.jpg 1024w, https:\/\/www.die-ganzmacher.de\/wp-content\/uploads\/20240521_172140-scaled-e1733218956232-300x255.jpg 300w, https:\/\/www.die-ganzmacher.de\/wp-content\/uploads\/20240521_172140-scaled-e1733218956232-768x653.jpg 768w, https:\/\/www.die-ganzmacher.de\/wp-content\/uploads\/20240521_172140-scaled-e1733218956232-1536x1307.jpg 1536w, https:\/\/www.die-ganzmacher.de\/wp-content\/uploads\/20240521_172140-scaled-e1733218956232-250x213.jpg 250w, https:\/\/www.die-ganzmacher.de\/wp-content\/uploads\/20240521_172140-scaled-e1733218956232.jpg 2030w\" sizes=\"auto, (max-width: 1024px) 100vw, 1024px\" \/><\/figure>\n\n\n\n<p class=\"has-vivid-cyan-blue-color has-text-color\"><\/p>\n\n\n\n<div class=\"wp-block-columns is-layout-flex wp-container-core-columns-is-layout-9d6595d7 wp-block-columns-is-layout-flex\">\n<div class=\"wp-block-column is-layout-flow wp-block-column-is-layout-flow\" style=\"flex-basis:100%\"><\/div>\n<\/div>\n\n\n\n<div class=\"wp-block-group\"><div class=\"wp-block-group__inner-container is-layout-flow wp-block-group-is-layout-flow\">\n<div class=\"wp-block-group\"><div class=\"wp-block-group__inner-container is-layout-flow wp-block-group-is-layout-flow\">\n<div class=\"wp-block-columns is-layout-flex wp-container-core-columns-is-layout-9d6595d7 wp-block-columns-is-layout-flex\">\n<div class=\"wp-block-column is-layout-flow wp-block-column-is-layout-flow\" style=\"flex-basis:100%\">\n<div class=\"wp-block-columns is-layout-flex wp-container-core-columns-is-layout-9d6595d7 wp-block-columns-is-layout-flex\">\n<div class=\"wp-block-column is-layout-flow wp-block-column-is-layout-flow\" style=\"flex-basis:100%\"><\/div>\n<\/div>\n<\/div>\n<\/div>\n<\/div><\/div>\n<\/div><\/div>\n\n\n\n<p><\/p>\n","protected":false},"excerpt":{"rendered":"<p>&#8211; 10 Jahre Die-GanzMacher e.V. &#8211; Liebe GanzMacher Freunde und Besucher Das Jahr 2025 ist vorbei und wir starten am 20.01.2026 ins neue Reparaturjahr. Das nun vergangenen Jahr 2025 best\u00e4tigte uns wieder einmal, dass unser Verein eine wichtige Funktion f\u00fcr den Erhalt unserer Umwelt besitzt. Wir konnten in dieser Zeit <a class=\"more-link\" href=\"https:\/\/www.die-ganzmacher.de\/\">weiter&#8230;<\/a><\/p>\n","protected":false},"author":5,"featured_media":0,"parent":0,"menu_order":0,"comment_status":"closed","ping_status":"closed","template":"","meta":{"footnotes":""},"class_list":["post-1187","page","type-page","status-publish","hentry"],"_links":{"self":[{"href":"https:\/\/www.die-ganzmacher.de\/index.php?rest_route=\/wp\/v2\/pages\/1187","targetHints":{"allow":["GET"]}}],"collection":[{"href":"https:\/\/www.die-ganzmacher.de\/index.php?rest_route=\/wp\/v2\/pages"}],"about":[{"href":"https:\/\/www.die-ganzmacher.de\/index.php?rest_route=\/wp\/v2\/types\/page"}],"author":[{"embeddable":true,"href":"https:\/\/www.die-ganzmacher.de\/index.php?rest_route=\/wp\/v2\/users\/5"}],"replies":[{"embeddable":true,"href":"https:\/\/www.die-ganzmacher.de\/index.php?rest_route=%2Fwp%2Fv2%2Fcomments&post=1187"}],"version-history":[{"count":3,"href":"https:\/\/www.die-ganzmacher.de\/index.php?rest_route=\/wp\/v2\/pages\/1187\/revisions"}],"predecessor-version":[{"id":1783,"href":"https:\/\/www.die-ganzmacher.de\/index.php?rest_route=\/wp\/v2\/pages\/1187\/revisions\/1783"}],"wp:attachment":[{"href":"https:\/\/www.die-ganzmacher.de\/index.php?rest_route=%2Fwp%2Fv2%2Fmedia&parent=1187"}],"curies":[{"name":"wp","href":"https:\/\/api.w.org\/{rel}","templated":true}]}}