{"id":2,"date":"2014-10-10T15:27:53","date_gmt":"2014-10-10T13:27:53","guid":{"rendered":"http:\/\/www.die-ganzmacher.de\/?page_id=2"},"modified":"2016-12-14T16:53:14","modified_gmt":"2016-12-14T15:53:14","slug":"anfang","status":"publish","type":"page","link":"https:\/\/www.die-ganzmacher.de\/?page_id=2","title":{"rendered":"Motivation"},"content":{"rendered":"<p><span style=\"color: #3366ff; font-family: verdana,geneva; font-size: 12pt;\"><strong>Was macht man mit einem Toaster, der nicht mehr funktioniert? Oder mit einem Fahrrad, bei dem das Rad schleift? Oder mit einem Pullover mit Mottenl\u00f6chern? Wegwerfen? Warum sollte man!<\/strong><\/span><\/p>\n<p><span style=\"font-family: verdana,geneva; font-size: 10pt;\">GanzMacher hei\u00dft nicht \u201ekostenloser Reparatur-Service\u201c, sondern\u00a0gemeinschaftlich organisierte Hilfe zur Selbsthilfe. Getragen wird die Veranstaltung von ehrenamtlich engagierten Helfern und Reparatur-Experten, die ihr Wissen und K\u00f6nnen freiwillig und unentgeltlich zur Verf\u00fcgung stellen. Besucher des GanzMacher Treffs bringen ihre kaputten oder funktionsunt\u00fcchtigen Gegenst\u00e4nde von Zuhause mit. Toaster, Lampen, F\u00f6hne\u2026 alles, was nicht mehr funktioniert, kaputt oder besch\u00e4digt ist, kann mitgebracht werden. Und die Wahrscheinlichkeit ist gro\u00df, dass die Reparatur gelingt!<\/span><\/p>\n<p><span style=\"font-family: verdana,geneva; font-size: 10pt;\">Mit dem <span style=\"font-family: Verdana; font-size: small;\">GanzMacher Treff in\u00a0<\/span>Bautzen wollen wir zur Reduzierung des M\u00fcllbergs beitragen. In Deutschland werfen wir unfassbar viel weg. Auch Gegenst\u00e4nde, denen fast nichts fehlt und die nach einer einfachen Reparatur wieder ordentlich zu gebrauchen w\u00e4ren. In einer Zeit, in der alles st\u00e4ndig und g\u00fcnstig zur Verf\u00fcgung steht, ist das Reparieren aus der Mode gekommen. Leider zu Lasten des Ressourcenverbrauchs und der Ausbeutung von Mensch und Umwelt. Mit unserem Angebot wollen wir das \u00e4ndern.<\/span><\/p>\n<p><span style=\"font-family: verdana,geneva; font-size: 10pt;\">Der <span style=\"font-family: Verdana; font-size: small;\">GanzMacher Treff <\/span>ist auch dazu gedacht, Menschen in der Nachbarschaft auf neue Art und Weise wieder mit einander in Kontakt zu bringen. Sodass sie entdecken, wie viel Wissen und praktische F\u00e4higkeiten eigentlich vorhanden sind. Wenn man gemeinsam mit einem bis dahin unbekannten Nachbarn ein Fahrrad, einen CD-Spieler oder eine Hose repariert hat, sieht man diese Person doch mit anderen Augen, wenn man ihr das n\u00e4chste Mal auf der Stra\u00dfe begegnet. Zusammen etwas reparieren, kann zu ganz tollen Kontakten in der Nachbarschaft f\u00fchren.<\/span><\/p>\n<p><span style=\"color: #3366ff; font-family: verdana,geneva,sans-serif;\"><strong>Reparaturen sparen Geld und kostbare Grundstoffe ein, zudem tragen sie zur Reduzierung des CO2-Aussto\u00dfes bei. Mit dem GanzMacher Treff in Bautzen\u00a0wollen wir aber vor allem zeigen, dass Reparieren Spa\u00df macht und oft ganz einfach ist.<\/strong><\/span><\/p>\n<p><span style=\"font-family: verdana,geneva; font-size: 10pt;\">Das Konzept des GanzMachers\u00a0ist in Amsterdam entstanden, wo die \u201e<a title=\"http:\/\/repaircafe.org\/de\/\" href=\"http:\/\/repaircafe.org\/de\/\" target=\"_blank\">Stichting Repair Caf\u00e9<\/a>\u201c seit 2010 regelm\u00e4\u00dfig Reparaturtreffen organisiert. Seit Januar 2011 unterst\u00fctzt diese Stiftung auch \u00f6rtliche Gruppen in Deutschland und anderen europ\u00e4ischen L\u00e4nder<\/span><\/p>\n","protected":false},"excerpt":{"rendered":"<p>Was macht man mit einem Toaster, der nicht mehr funktioniert? Oder mit einem Fahrrad, bei dem das Rad schleift? Oder mit einem Pullover mit Mottenl\u00f6chern? Wegwerfen? Warum sollte man! GanzMacher hei\u00dft nicht \u201ekostenloser Reparatur-Service\u201c, sondern\u00a0gemeinschaftlich organisierte Hilfe zur Selbsthilfe. Getragen wird die Veranstaltung von ehrenamtlich engagierten Helfern und Reparatur-Experten, die <a class=\"more-link\" href=\"https:\/\/www.die-ganzmacher.de\/?page_id=2\">weiter&#8230;<\/a><\/p>\n","protected":false},"author":2,"featured_media":0,"parent":0,"menu_order":0,"comment_status":"closed","ping_status":"closed","template":"","meta":{"footnotes":""},"class_list":["post-2","page","type-page","status-publish","hentry"],"_links":{"self":[{"href":"https:\/\/www.die-ganzmacher.de\/index.php?rest_route=\/wp\/v2\/pages\/2","targetHints":{"allow":["GET"]}}],"collection":[{"href":"https:\/\/www.die-ganzmacher.de\/index.php?rest_route=\/wp\/v2\/pages"}],"about":[{"href":"https:\/\/www.die-ganzmacher.de\/index.php?rest_route=\/wp\/v2\/types\/page"}],"author":[{"embeddable":true,"href":"https:\/\/www.die-ganzmacher.de\/index.php?rest_route=\/wp\/v2\/users\/2"}],"replies":[{"embeddable":true,"href":"https:\/\/www.die-ganzmacher.de\/index.php?rest_route=%2Fwp%2Fv2%2Fcomments&post=2"}],"version-history":[{"count":0,"href":"https:\/\/www.die-ganzmacher.de\/index.php?rest_route=\/wp\/v2\/pages\/2\/revisions"}],"wp:attachment":[{"href":"https:\/\/www.die-ganzmacher.de\/index.php?rest_route=%2Fwp%2Fv2%2Fmedia&parent=2"}],"curies":[{"name":"wp","href":"https:\/\/api.w.org\/{rel}","templated":true}]}}