{"id":208,"date":"2014-10-23T17:00:28","date_gmt":"2014-10-23T15:00:28","guid":{"rendered":"http:\/\/www.die-ganzmacher.de\/?page_id=208"},"modified":"2025-11-05T17:36:30","modified_gmt":"2025-11-05T16:36:30","slug":"informationen","status":"publish","type":"page","link":"https:\/\/www.die-ganzmacher.de\/?page_id=208","title":{"rendered":"Informationen"},"content":{"rendered":"<p><span style=\"font-family: verdana,geneva,sans-serif; font-size: 12pt;\">Unter dieser Rubrik sind wichtige und interessante Inhalte unter folgenden Schwerpunkten zusammengetragen :<\/span><\/p>\n<p><span style=\"font-family: verdana,geneva,sans-serif; font-size: 12pt;\">Hausregeln f\u00fcr unsere \u00f6ffentlichen Veranstaltungen<\/span><\/p>\n<p><span style=\"font-family: verdana,geneva,sans-serif;\">Fragen und Antworten<\/span><span style=\"font-family: verdana,geneva,sans-serif; font-size: 12pt;\">, die sehr h\u00e4ufig von Besuchern gestellt werden und<\/span><\/p>\n<p><span style=\"font-family: verdana,geneva,sans-serif;\">Hilfen im Web<\/span><span style=\"font-family: verdana,geneva,sans-serif; font-size: 12pt;\">, die n\u00fctzliche Unterst\u00fctzung bei der Reparatur von Ger\u00e4ten bieten<\/span><\/p>\n\n\n<p><\/p>\n","protected":false},"excerpt":{"rendered":"<p>Unter dieser Rubrik sind wichtige und interessante Inhalte unter folgenden Schwerpunkten zusammengetragen : Hausregeln f\u00fcr unsere \u00f6ffentlichen Veranstaltungen Fragen und Antworten, die sehr h\u00e4ufig von Besuchern gestellt werden und Hilfen im Web, die n\u00fctzliche Unterst\u00fctzung bei der Reparatur von Ger\u00e4ten bieten<\/p>\n","protected":false},"author":2,"featured_media":0,"parent":0,"menu_order":0,"comment_status":"closed","ping_status":"closed","template":"","meta":{"footnotes":""},"class_list":["post-208","page","type-page","status-publish","hentry"],"_links":{"self":[{"href":"https:\/\/www.die-ganzmacher.de\/index.php?rest_route=\/wp\/v2\/pages\/208","targetHints":{"allow":["GET"]}}],"collection":[{"href":"https:\/\/www.die-ganzmacher.de\/index.php?rest_route=\/wp\/v2\/pages"}],"about":[{"href":"https:\/\/www.die-ganzmacher.de\/index.php?rest_route=\/wp\/v2\/types\/page"}],"author":[{"embeddable":true,"href":"https:\/\/www.die-ganzmacher.de\/index.php?rest_route=\/wp\/v2\/users\/2"}],"replies":[{"embeddable":true,"href":"https:\/\/www.die-ganzmacher.de\/index.php?rest_route=%2Fwp%2Fv2%2Fcomments&post=208"}],"version-history":[{"count":1,"href":"https:\/\/www.die-ganzmacher.de\/index.php?rest_route=\/wp\/v2\/pages\/208\/revisions"}],"predecessor-version":[{"id":1775,"href":"https:\/\/www.die-ganzmacher.de\/index.php?rest_route=\/wp\/v2\/pages\/208\/revisions\/1775"}],"wp:attachment":[{"href":"https:\/\/www.die-ganzmacher.de\/index.php?rest_route=%2Fwp%2Fv2%2Fmedia&parent=208"}],"curies":[{"name":"wp","href":"https:\/\/api.w.org\/{rel}","templated":true}]}}