{"id":219,"date":"2014-10-23T17:22:26","date_gmt":"2014-10-23T16:22:26","guid":{"rendered":"http:\/\/www.die-ganzmacher.de\/?page_id=219"},"modified":"2025-01-13T15:24:31","modified_gmt":"2025-01-13T14:24:31","slug":"hausordnung","status":"publish","type":"page","link":"https:\/\/www.die-ganzmacher.de\/?page_id=219","title":{"rendered":"Hausregeln"},"content":{"rendered":"<p><span style=\"font-size: 12pt;\"><span style=\"font-family: verdana,geneva;\"><span style=\"color: #3366ff;\">Wir bitten alle Besucher die <\/span><span style=\"color: #3366ff;\">folgenden Hausregeln zu beachten.<\/span><\/span><\/span><\/p>\n<p style=\"text-align: left;\"><span style=\"font-family: verdana,geneva; font-size: 10pt;\">1. W\u00e4hrend der \u00f6ffentlichen Veranstaltung des <span style=\"font-family: Verdana; font-size: small;\">GanzMacher Treffs <\/span>sind die\u00a0Aktivi-<br \/>\nt\u00e4ten der ReparaturexpertInnen und Helfer ehrenamtlich und kostenlos.<br \/>\n<\/span><span style=\"font-family: verdana,geneva; font-size: 10pt;\">2. Reparaturen werden mit Hilfestellungen zur Selbsthilfe gemeinsam ausgef\u00fchrt.<br \/>\n<\/span><span style=\"font-family: verdana,geneva; font-size: 10pt;\">3. Das Anbieten von defekten Gegenst\u00e4nden zur Reparatur geschieht auf eigenes Risiko. Weder die OrganisatorInnen des <span style=\"font-family: Verdana; font-size: small;\">GanzMacher Treffs<\/span>, noch diejenigen, die Hilfestellungen bei Reparaturen geben, sind f\u00fcr m\u00f6gliche Verletzungen von Personen oder etwaige Sch\u00e4den an den zur Reparatur angebotenen Gegenst\u00e4nden, f\u00fcr Folgesch\u00e4den oder andere Sch\u00e4den infolge der Aktivit\u00e4ten der <span style=\"font-family: Verdana; font-size: small;\">GanzMacher <\/span>verantwortlich oder haftbar zu machen. Es wird keine Garantie auf die durchgef\u00fchrten Reparaturen gegeben und keine Haftung \u00fcbernommen f\u00fcr den Fall, dass Gegenst\u00e4nde, die im <span style=\"font-family: Verdana; font-size: small;\">GanzMacher Treff <\/span>repariert wurden, sp\u00e4ter nicht funktionieren sollten.<br \/>\n<\/span><span style=\"font-family: verdana,geneva; font-size: 10pt;\">4. Neue Materialien (wie z.B. Elektrizit\u00e4tskabel, Stecker, Sicherungen, Dichtungen, neue Knieleder oder Applikationen) sind nicht kostenlos, sondern m\u00fcssen gesondert bezahlt werden.<br \/>\n<\/span><span style=\"font-family: verdana,geneva; font-size: 10pt;\">5. Mit Leihgaben wird im <span style=\"font-family: Verdana; font-size: small;\">GanzMacher Treff <\/span>mit gr\u00f6\u00dftm\u00f6glicher Sorgfalt umgegangen. Eine Garantie bzw. Haftung im Falle von Verlust oder Besch\u00e4digung kann jedoch nicht \u00fcbernommen werden.<br \/>\n<\/span><span style=\"font-family: verdana,geneva; font-size: 10pt;\">6. Reparaturen bzw. Reparaturversuche erfolgen allein auf freiwilliger Basis; es gibt keine Verpflichtung hierf\u00fcr.<br \/>\n<\/span><span style=\"font-family: verdana,geneva; font-size: 10pt;\">7. Es besteht keine Verpflichtung, demontierte Ger\u00e4te\/Gegenst\u00e4nde, die nicht repariert werden konnten, wieder zusammenzusetzen.<br \/>\n<\/span><span style=\"font-family: verdana,geneva; font-size: 10pt;\">8. BesucherInnen des <span style=\"font-family: Verdana; font-size: small;\">GanzMacher Treffs <\/span>sind selbst verantwortlich f\u00fcr die ordnungsgem\u00e4\u00dfe Entsorgung oder Beseitigung von kaputten oder funktionsunt\u00fcchtigen Gegenst\u00e4nden, die nicht repariert werden konnten.<br \/>\n<\/span><span style=\"font-family: verdana,geneva; font-size: 10pt;\">9. Zur Vermeidung langer Wartezeiten wird bei starkem Zulauf h\u00f6chstens ein Gegenstand je BesucherIn repariert.<br \/>\n<\/span><span style=\"font-family: verdana,geneva; font-size: 10pt;\">10. Wer nicht fotografiert\/gefilmt \/interviewt werden m\u00f6chte, m\u00f6ge dies bitte mit denjenigen, die Aufnahmen machen, im pers\u00f6nlichen Kontakt m\u00f6glichst rasch kl\u00e4ren. Sonst gehen wir davon aus, dass alle im <span style=\"font-family: Verdana; font-size: small;\">GanzMacher Treff <\/span>entstandenen Beitr\u00e4ge ver\u00f6ffentlicht werden k\u00f6nnen, um das Konzept des <span style=\"font-family: Verdana; font-size: small;\">GanzMacher Treffs <\/span>bekannter zu machen und auch zur Nachahmung anzuregen.<br \/>\n<\/span><span style=\"font-family: verdana,geneva; font-size: 10pt;\">11. Ein freiwilliger Beitrag f\u00fcr den Erhalt und die Entwicklung des <span style=\"font-family: Verdana; font-size: small;\">GanzMacher Treffs <\/span>wird sehr gesch\u00e4tzt.<\/span><\/p>\n<p style=\"text-align: center;\"><span style=\"font-family: verdana,geneva; font-size: 10pt;\">Diese Hausregeln\u00a0stehen hier auch\u00a0als Download bereit (<a href=\"https:\/\/www.die-ganzmacher.de\/wp-content\/uploads\/Hausregeln-gross.pdf\" target=\"_blank\" rel=\"noopener\">Hausregeln<\/a>).<\/span><\/p>\n","protected":false},"excerpt":{"rendered":"<p>Wir bitten alle Besucher die folgenden Hausregeln zu beachten. 1. W\u00e4hrend der \u00f6ffentlichen Veranstaltung des GanzMacher Treffs sind die\u00a0Aktivi- t\u00e4ten der ReparaturexpertInnen und Helfer ehrenamtlich und kostenlos. 2. Reparaturen werden mit Hilfestellungen zur Selbsthilfe gemeinsam ausgef\u00fchrt. 3. Das Anbieten von defekten Gegenst\u00e4nden zur Reparatur geschieht auf eigenes Risiko. Weder die <a class=\"more-link\" href=\"https:\/\/www.die-ganzmacher.de\/?page_id=219\">weiter&#8230;<\/a><\/p>\n","protected":false},"author":5,"featured_media":0,"parent":208,"menu_order":0,"comment_status":"closed","ping_status":"closed","template":"","meta":{"footnotes":""},"class_list":["post-219","page","type-page","status-publish","hentry"],"_links":{"self":[{"href":"https:\/\/www.die-ganzmacher.de\/index.php?rest_route=\/wp\/v2\/pages\/219","targetHints":{"allow":["GET"]}}],"collection":[{"href":"https:\/\/www.die-ganzmacher.de\/index.php?rest_route=\/wp\/v2\/pages"}],"about":[{"href":"https:\/\/www.die-ganzmacher.de\/index.php?rest_route=\/wp\/v2\/types\/page"}],"author":[{"embeddable":true,"href":"https:\/\/www.die-ganzmacher.de\/index.php?rest_route=\/wp\/v2\/users\/5"}],"replies":[{"embeddable":true,"href":"https:\/\/www.die-ganzmacher.de\/index.php?rest_route=%2Fwp%2Fv2%2Fcomments&post=219"}],"version-history":[{"count":0,"href":"https:\/\/www.die-ganzmacher.de\/index.php?rest_route=\/wp\/v2\/pages\/219\/revisions"}],"up":[{"embeddable":true,"href":"https:\/\/www.die-ganzmacher.de\/index.php?rest_route=\/wp\/v2\/pages\/208"}],"wp:attachment":[{"href":"https:\/\/www.die-ganzmacher.de\/index.php?rest_route=%2Fwp%2Fv2%2Fmedia&parent=219"}],"curies":[{"name":"wp","href":"https:\/\/api.w.org\/{rel}","templated":true}]}}