{"id":226,"date":"2014-10-23T17:28:20","date_gmt":"2014-10-23T15:28:20","guid":{"rendered":"http:\/\/www.die-ganzmacher.de\/?page_id=226"},"modified":"2025-01-23T10:42:26","modified_gmt":"2025-01-23T09:42:26","slug":"unterstuetzer","status":"publish","type":"page","link":"https:\/\/www.die-ganzmacher.de\/?page_id=226","title":{"rendered":"Unterst\u00fctzer"},"content":{"rendered":"<p><span style=\"font-family: verdana,geneva; font-size: 12pt;\">Wir bedanken uns sehr herzlich f\u00fcr die bisherige vielf\u00e4ltige Unterst\u00fctzung unserer Initiative zur Etablierung der &#8222;GanzMacher&#8220; in Bautzen bei den nachstehenden Initialtiven, Vereinen und Institutionen<\/span><\/p>\n<p>&#8222;<strong>Mutter&#8220; aller Repair Caf\u00e9s die Stichting Repair Caf\u00e9 Stiftung \u00a0 \u00a0<a href=\"http:\/\/repaircafe.org\/de\/\" target=\"_blank\" rel=\"noopener noreferrer\"> http:\/\/repaircafe.org\/de\/ <\/a><\/strong><\/p>\n<p><strong>Steinhaus e.V. in Bautzen\u00a0\u00a0\u00a0\u00a0\u00a0\u00a0<a href=\"https:\/\/www.steinhaus-bautzen.de\/de\/angebote\/ganzmacher-reparaturtreffen\/\"> http:\/\/www.steinhaus-bautzen.de<\/a><\/strong><\/p>\n<p><strong>Netzwerk<\/strong> <strong>Reparaturinitiativen\u00a0\u00a0 <a href=\"https:\/\/www.reparatur-initiativen.de\" target=\"_blank\" rel=\"noopener\">https:\/\/www.reparatur-initiativen.de<\/a><\/strong><\/p>\n<p><strong>Stiftungsgemeinschaft anstiftung &amp; ertomis\u00a0<\/strong>\u00a0\u00a0\u00a0 <a title=\"http:\/\/anstiftung.de\/\" href=\"http:\/\/anstiftung.de\/\" target=\"_blank\" rel=\"noopener noreferrer\"><strong>http:\/\/anstiftung.de\/<\/strong><\/a><\/p>\n<p><strong>Verbund offener Werkst\u00e4tten \u00a0 \u00a0\u00a0<a href=\"https:\/\/www.offene-werkstaetten.org\/de\">https:\/\/www.offene-werkstaetten.org\/de\/<\/a><\/strong><\/p>\n<p><strong>Tagwerk e.V. Bautzen\u00a0\u00a0 <a href=\"https:\/\/tagwerk.space\">https:\/\/tagwerk.space<\/a><\/strong><\/p>\n<p><strong>Fraueninitiative Bautzen e.V.\u00a0\u00a0\u00a0\u00a0<a title=\"http:\/\/www.frauenzentrum-bautzen.de\/\" href=\"http:\/\/www.frauenzentrum-bautzen.de\/\" target=\"_blank\" rel=\"noopener noreferrer\">http:\/\/www.frauenzentrum-bautzen.de\/<\/a><\/strong><\/p>\n<p><strong>TORUX B\u00fcro f. Produktdesign, Designkritik \u00a0 <a href=\"https:\/\/www.torux.de\/index.html\">https:\/\/www.torux.de\/index.html<\/a><\/strong><\/p>\n<p><strong>LABA\u00a0 <a href=\"https:\/\/shop.laba.de\/shop\/\" target=\"_blank\" rel=\"noopener\">https:\/\/shop.laba.de<\/a><\/strong><\/p>\n\n\n<p><\/p>\n\n\n<p><strong>Kreissparkasse Bautzen\u00a0 \u00a0 \u00a0<\/strong>\u00a0<a href=\"http:\/\/www.ksk-bautzen.de\" target=\"_blank\" rel=\"noopener\"><strong>http:\/\/www.ksk-bautzen.de<\/strong><\/a><\/p>\n\n\n<p><\/p>\n","protected":false},"excerpt":{"rendered":"<p>Wir bedanken uns sehr herzlich f\u00fcr die bisherige vielf\u00e4ltige Unterst\u00fctzung unserer Initiative zur Etablierung der &#8222;GanzMacher&#8220; in Bautzen bei den nachstehenden Initialtiven, Vereinen und Institutionen &#8222;Mutter&#8220; aller Repair Caf\u00e9s die Stichting Repair Caf\u00e9 Stiftung \u00a0 \u00a0 http:\/\/repaircafe.org\/de\/ Steinhaus e.V. in Bautzen\u00a0\u00a0\u00a0\u00a0\u00a0\u00a0 http:\/\/www.steinhaus-bautzen.de Netzwerk Reparaturinitiativen\u00a0\u00a0 https:\/\/www.reparatur-initiativen.de Stiftungsgemeinschaft anstiftung &amp; ertomis\u00a0\u00a0\u00a0\u00a0 http:\/\/anstiftung.de\/ <a class=\"more-link\" href=\"https:\/\/www.die-ganzmacher.de\/?page_id=226\">weiter&#8230;<\/a><\/p>\n","protected":false},"author":2,"featured_media":0,"parent":0,"menu_order":0,"comment_status":"closed","ping_status":"closed","template":"","meta":{"footnotes":""},"class_list":["post-226","page","type-page","status-publish","hentry"],"_links":{"self":[{"href":"https:\/\/www.die-ganzmacher.de\/index.php?rest_route=\/wp\/v2\/pages\/226","targetHints":{"allow":["GET"]}}],"collection":[{"href":"https:\/\/www.die-ganzmacher.de\/index.php?rest_route=\/wp\/v2\/pages"}],"about":[{"href":"https:\/\/www.die-ganzmacher.de\/index.php?rest_route=\/wp\/v2\/types\/page"}],"author":[{"embeddable":true,"href":"https:\/\/www.die-ganzmacher.de\/index.php?rest_route=\/wp\/v2\/users\/2"}],"replies":[{"embeddable":true,"href":"https:\/\/www.die-ganzmacher.de\/index.php?rest_route=%2Fwp%2Fv2%2Fcomments&post=226"}],"version-history":[{"count":0,"href":"https:\/\/www.die-ganzmacher.de\/index.php?rest_route=\/wp\/v2\/pages\/226\/revisions"}],"wp:attachment":[{"href":"https:\/\/www.die-ganzmacher.de\/index.php?rest_route=%2Fwp%2Fv2%2Fmedia&parent=226"}],"curies":[{"name":"wp","href":"https:\/\/api.w.org\/{rel}","templated":true}]}}