{"id":314,"date":"2014-10-28T16:35:49","date_gmt":"2014-10-28T14:35:49","guid":{"rendered":"http:\/\/www.die-ganzmacher.de\/?page_id=314"},"modified":"2015-12-24T13:45:16","modified_gmt":"2015-12-24T11:45:16","slug":"ansprechpartner","status":"publish","type":"page","link":"https:\/\/www.die-ganzmacher.de\/?page_id=314","title":{"rendered":"Ansprechpartner"},"content":{"rendered":"<p><strong><span style=\"color: #0000ff; font-family: verdana,geneva; font-size: 12pt;\">f\u00fcr die Planung und Organisation:<br \/>\n<\/span><\/strong><span style=\"font-family: verdana,geneva; font-size: 12pt;\">Lutz Schr\u00f6der<\/span><br \/>\n<a href=\"mailto: kontakt@die-ganzmacher.de\">kontakt (aet) die-ganzmacher.de<\/a><\/p>\n<hr \/>\n<p><strong><span style=\"color: #0000ff; font-family: verdana,geneva; font-size: 12pt;\">f\u00fcr die Websitegestaltung\/ Administrator:<br \/>\n<\/span><\/strong><span style=\"color: #0000ff; font-family: verdana,geneva; font-size: 12pt;\"><span style=\"color: #000000;\">Dieter Langer<\/span><\/span><strong><span style=\"color: #0000ff; font-family: verdana,geneva; font-size: 12pt;\"><br \/>\n<\/span><\/strong><a href=\"mailto:admin@die-ganzmacher.de\"><span style=\"color: #0000ff; font-family: verdana,geneva; font-size: 12pt;\"><span style=\"color: #1982d1;\">admin (aet) die-ganzmacher.de<\/span><\/span><\/a><\/p>\n","protected":false},"excerpt":{"rendered":"<p>f\u00fcr die Planung und Organisation: Lutz Schr\u00f6der kontakt (aet) die-ganzmacher.de f\u00fcr die Websitegestaltung\/ Administrator: Dieter Langer admin (aet) die-ganzmacher.de<\/p>\n","protected":false},"author":2,"featured_media":0,"parent":0,"menu_order":0,"comment_status":"closed","ping_status":"closed","template":"","meta":{"footnotes":""},"class_list":["post-314","page","type-page","status-publish","hentry"],"_links":{"self":[{"href":"https:\/\/www.die-ganzmacher.de\/index.php?rest_route=\/wp\/v2\/pages\/314","targetHints":{"allow":["GET"]}}],"collection":[{"href":"https:\/\/www.die-ganzmacher.de\/index.php?rest_route=\/wp\/v2\/pages"}],"about":[{"href":"https:\/\/www.die-ganzmacher.de\/index.php?rest_route=\/wp\/v2\/types\/page"}],"author":[{"embeddable":true,"href":"https:\/\/www.die-ganzmacher.de\/index.php?rest_route=\/wp\/v2\/users\/2"}],"replies":[{"embeddable":true,"href":"https:\/\/www.die-ganzmacher.de\/index.php?rest_route=%2Fwp%2Fv2%2Fcomments&post=314"}],"version-history":[{"count":0,"href":"https:\/\/www.die-ganzmacher.de\/index.php?rest_route=\/wp\/v2\/pages\/314\/revisions"}],"wp:attachment":[{"href":"https:\/\/www.die-ganzmacher.de\/index.php?rest_route=%2Fwp%2Fv2%2Fmedia&parent=314"}],"curies":[{"name":"wp","href":"https:\/\/api.w.org\/{rel}","templated":true}]}}