{"id":94,"date":"2014-10-16T15:22:11","date_gmt":"2014-10-16T14:22:11","guid":{"rendered":"http:\/\/www.die-ganzmacher.de\/?page_id=94"},"modified":"2024-12-20T11:49:04","modified_gmt":"2024-12-20T10:49:04","slug":"impressum","status":"publish","type":"page","link":"https:\/\/www.die-ganzmacher.de\/?page_id=94","title":{"rendered":"Impressum"},"content":{"rendered":"<p><span style=\"font-family: verdana,geneva; font-size: 12pt;\">Angaben gem\u00e4\u00df 5 TMG:<br \/><\/span><span style=\"font-size: 10pt; font-family: verdana, geneva, sans-serif;\">\u00a0Die GanzMacher e.V.<br \/>\u00a0Steinstra\u00dfe 37<\/span><br \/><span style=\"font-family: verdana,geneva; font-size: 10pt;\"><span style=\"font-family: verdana, geneva, sans-serif;\">\u00a002625 Bautzen<\/span><br \/><strong>Vertreten durch<\/strong><span style=\"font-size: 12pt;\">:<\/span><br \/>Lutz Schr\u00f6der<br \/><\/span><span style=\"font-family: verdana,geneva; font-size: 10pt;\">Dieter Langer<br \/>J\u00f6rg Hofmann<br \/><\/span><span style=\"font-family: verdana,geneva; font-size: 10pt;\">E-Mail: <a href=\"mailto:kontakt@die-ganzmacher.de\">kontakt@die-ganzmacher.de<\/a><\/span><\/p>\n<p style=\"text-align: left;\"><span style=\"font-family: verdana, geneva, sans-serif; font-size: 12pt; color: #ff0000;\"><span style=\"color: #000000;\">Unser Spendenkonto:<\/span><\/span><br \/><span style=\"font-family: verdana, geneva, sans-serif; font-size: 10pt;\"><span style=\"font-size: 12pt;\">Kreissparkasse Bautzen<\/span><br \/><span style=\"font-size: 12pt;\">IBAN: <\/span><span style=\"font-size: 12pt; color: #000000;\">DE77 855500001002024648<br \/>Steuernr.:\u00a0 204\/140\/12060<\/span><\/span><span style=\"font-family: verdana, geneva, sans-serif; font-size: 10pt;\"><br \/><\/span><span style=\"font-family: verdana, geneva; font-size: 10pt;\">Verantwortlich f\u00fcr den Inhalt nach \u00a7 55 Abs. 2 RStV:<br \/><span style=\"font-family: verdana,geneva; font-size: 10pt;\">Lutz Schr\u00f6der<\/span><br \/><\/span><\/p>\n<p><span style=\"font-family: verdana,geneva; font-size: 10pt;\">Quelle: Impressumgenerator von eRecht24<br \/>dem Portal zum Internetrecht von Rechtsanwalt S\u00f6ren Siebert<br \/><\/span><\/p>\n<p><strong><span style=\"font-family: verdana,geneva; font-size: 12pt;\">Haftungsausschluss (Disclaimer)<\/span><\/strong><\/p>\n<p><span style=\"font-size: 10pt; font-family: verdana,geneva;\"><strong>Haftung f\u00fcr Inhalte<\/strong><\/span><\/p>\n<p><span style=\"font-family: verdana,geneva; font-size: 10pt;\">Als <\/span><span style=\"font-family: verdana,geneva; font-size: 10pt;\">Diensteanbieter sind wir gem\u00e4\u00df \u00a7 7 Abs.1 TMG f\u00fcr eigene Inhalte auf diesen Seiten nach <\/span><span style=\"font-family: verdana,geneva; font-size: 10pt;\">den allgemeinen Gesetzen verantwortlich. Nach \u00a7\u00a7 8 bis 10 TMG sind wir als Diensteanbieter jedoch <\/span><span style=\"font-family: verdana,geneva; font-size: 10pt;\">nicht verpflichtet, \u00fcbermittelte oder gespeicherte fremde Informationen zu \u00fcberwachen oder nach <\/span><span style=\"font-family: verdana,geneva; font-size: 10pt;\">Umst\u00e4nden zu forschen, die auf eine rechtswidrige T\u00e4tigkeit hinweisen. Verpflichtungen zur <\/span><span style=\"font-family: verdana,geneva; font-size: 10pt;\">Entfernung oder Sperrung der Nutzung von Informationen nach den allgemeinen Gesetzen bleiben hiervon <\/span><span style=\"font-family: verdana,geneva; font-size: 10pt;\">unber\u00fchrt. Eine diesbez\u00fcgliche Haftung ist jedoch erst ab dem Zeitpunkt der Kenntnis einer <\/span><span style=\"font-family: verdana,geneva; font-size: 10pt;\">konkreten Rechtsverletzung m\u00f6glich. Bei Bekanntwerden von entsprechenden Rechtsverletzungen werden <\/span><span style=\"font-family: verdana,geneva; font-size: 10pt;\">wir diese Inhalte umgehend entfernen.<\/span><\/p>\n<p><span style=\"font-family: verdana,geneva; font-size: 10pt;\"><strong>Haftung f\u00fcr Links<\/strong><\/span><\/p>\n<p><span style=\"font-family: verdana,geneva; font-size: 10pt;\">Unser <\/span><span style=\"font-family: verdana,geneva; font-size: 10pt;\">Angebot enth\u00e4lt Links zu externen Webseiten Dritter, auf deren Inhalte wir keinen Einfluss haben. Deshalb <\/span><span style=\"font-family: verdana,geneva; font-size: 10pt;\">k\u00f6nnen wir f\u00fcr diese fremden Inhalte auch keine Gew\u00e4hr \u00fcbernehmen. F\u00fcr die <\/span><span style=\"font-family: verdana,geneva; font-size: 10pt;\">Inhalte der verlinkten Seiten ist stets der jeweilige Anbieter oder Betreiber der Seiten verantwortlich. Die <\/span><span style=\"font-family: verdana,geneva; font-size: 10pt;\">verlinkten Seiten wurden zum Zeitpunkt der Verlinkung auf m\u00f6gliche Rechtsverst\u00f6\u00dfe <\/span><span style=\"font-family: verdana,geneva; font-size: 10pt;\">\u00fcberpr\u00fcft. Rechtswidrige Inhalte waren zum Zeitpunkt der Verlinkung nicht erkennbar. Eine <\/span><span style=\"font-family: verdana,geneva; font-size: 10pt;\">permanente inhaltliche Kontrolle der verlinkten Seiten ist jedoch ohne konkrete Anhaltspunkte einer <\/span><span style=\"font-family: verdana,geneva; font-size: 10pt;\">Rechtsverletzung nicht zumutbar. Bei Bekanntwerden von Rechtsverletzungen werden wir derartige Links\u00a0<\/span><span style=\"font-family: verdana,geneva; font-size: 10pt;\">umgehend entfernen.<\/span><\/p>\n<p><span style=\"font-family: verdana,geneva; font-size: 10pt;\"><strong>Urheberrecht<\/strong><\/span><\/p>\n<p><span style=\"font-family: verdana,geneva; font-size: 10pt;\">Die durch die Seitenbetreiber erstellten <\/span><span style=\"font-family: verdana,geneva; font-size: 10pt;\">Inhalte und Werke auf diesen Seiten unterliegen dem deutschen Urheberrecht. Die Vervielf\u00e4ltigung, <\/span><span style=\"font-family: verdana,geneva; font-size: 10pt;\">Bearbeitung, Verbreitung und jede Art der Verwertung au\u00dferhalb der Grenzen des Urheberrechtes <\/span><span style=\"font-family: verdana,geneva; font-size: 10pt;\">bed\u00fcrfen der schriftlichen Zustimmung des jeweiligen Autors bzw. Erstellers. Downloads und Kopien dieser <\/span><span style=\"font-family: verdana,geneva; font-size: 10pt;\">Seite sind nur f\u00fcr den privaten, nicht kommerziellen Gebrauch gestattet. Soweit die Inhalte auf dieser Seite <\/span><span style=\"font-family: verdana,geneva; font-size: 10pt;\">nicht vom Betreiber erstellt wurden, werden die Urheberrechte Dritter beachtet. Insbesondere werden Inhalte <\/span><span style=\"font-family: verdana,geneva; font-size: 10pt;\">Dritter als solche gekennzeichnet. Sollten Sie trotzdem auf eine Urheberrechtsverletzung aufmerksam werden, <\/span><span style=\"font-family: verdana,geneva; font-size: 10pt;\">bitten wir um einen entsprechenden Hinweis. Bei Bekanntwerden von Rechtsverletzungen werden wir derartige <\/span><span style=\"font-family: verdana,geneva; font-size: 10pt;\">Inhalte umgehend entfernen.<br \/><\/span><span style=\"font-family: verdana,geneva;\"><br \/><span style=\"font-size: 10pt;\">Quelle: Disclaimer <span style=\"font-family: verdana,geneva; font-size: 10pt;\">von eRecht24,<br \/>dem Portal zum Internetrecht von Rechtsanwalt S\u00f6ren Siebert<\/span><\/span><br \/><\/span><\/p>\n\n\n<p><\/p>\n","protected":false},"excerpt":{"rendered":"<p>Angaben gem\u00e4\u00df 5 TMG:\u00a0Die GanzMacher e.V.\u00a0Steinstra\u00dfe 37\u00a002625 BautzenVertreten durch:Lutz Schr\u00f6derDieter LangerJ\u00f6rg HofmannE-Mail: kontakt@die-ganzmacher.de Unser Spendenkonto:Kreissparkasse BautzenIBAN: DE77 855500001002024648Steuernr.:\u00a0 204\/140\/12060Verantwortlich f\u00fcr den Inhalt nach \u00a7 55 Abs. 2 RStV:Lutz Schr\u00f6der Quelle: Impressumgenerator von eRecht24dem Portal zum Internetrecht von Rechtsanwalt S\u00f6ren Siebert Haftungsausschluss (Disclaimer) Haftung f\u00fcr Inhalte Als Diensteanbieter sind wir gem\u00e4\u00df <a class=\"more-link\" href=\"https:\/\/www.die-ganzmacher.de\/?page_id=94\">weiter&#8230;<\/a><\/p>\n","protected":false},"author":5,"featured_media":0,"parent":0,"menu_order":0,"comment_status":"closed","ping_status":"closed","template":"","meta":{"footnotes":""},"class_list":["post-94","page","type-page","status-publish","hentry"],"_links":{"self":[{"href":"https:\/\/www.die-ganzmacher.de\/index.php?rest_route=\/wp\/v2\/pages\/94","targetHints":{"allow":["GET"]}}],"collection":[{"href":"https:\/\/www.die-ganzmacher.de\/index.php?rest_route=\/wp\/v2\/pages"}],"about":[{"href":"https:\/\/www.die-ganzmacher.de\/index.php?rest_route=\/wp\/v2\/types\/page"}],"author":[{"embeddable":true,"href":"https:\/\/www.die-ganzmacher.de\/index.php?rest_route=\/wp\/v2\/users\/5"}],"replies":[{"embeddable":true,"href":"https:\/\/www.die-ganzmacher.de\/index.php?rest_route=%2Fwp%2Fv2%2Fcomments&post=94"}],"version-history":[{"count":0,"href":"https:\/\/www.die-ganzmacher.de\/index.php?rest_route=\/wp\/v2\/pages\/94\/revisions"}],"wp:attachment":[{"href":"https:\/\/www.die-ganzmacher.de\/index.php?rest_route=%2Fwp%2Fv2%2Fmedia&parent=94"}],"curies":[{"name":"wp","href":"https:\/\/api.w.org\/{rel}","templated":true}]}}